{"id":6392,"date":"2024-05-15T11:06:01","date_gmt":"2024-05-15T09:06:01","guid":{"rendered":"https:\/\/www.tm-branding.it\/blog\/"},"modified":"2026-02-23T16:51:39","modified_gmt":"2026-02-23T15:51:39","slug":"blog","status":"publish","type":"page","link":"https:\/\/www.tm-branding.it\/it\/blog\/","title":{"rendered":"Blog"},"content":{"rendered":"\t\t<div data-elementor-type=\"wp-page\" data-elementor-id=\"6392\" class=\"elementor elementor-6392 elementor-5892\" data-elementor-post-type=\"page\">\n\t\t\t\t\t\t<section class=\"elementor-section elementor-top-section elementor-element elementor-element-f1aa071 elementor-section-height-min-height elementor-section-items-top elementor-section-boxed elementor-section-height-default\" data-id=\"f1aa071\" data-element_type=\"section\" data-settings=\"{&quot;background_background&quot;:&quot;classic&quot;}\">\n\t\t\t\t\t\t\t<div class=\"elementor-background-overlay\"><\/div>\n\t\t\t\t\t\t\t<div class=\"elementor-container elementor-column-gap-default\">\n\t\t\t\t\t<div class=\"elementor-column elementor-col-100 elementor-top-column elementor-element elementor-element-190911f\" data-id=\"190911f\" data-element_type=\"column\">\n\t\t\t<div class=\"elementor-widget-wrap elementor-element-populated\">\n\t\t\t\t\t\t<section class=\"elementor-section elementor-inner-section elementor-element elementor-element-b29720c elementor-section-boxed elementor-section-height-default elementor-section-height-default\" data-id=\"b29720c\" data-element_type=\"section\">\n\t\t\t\t\t\t<div class=\"elementor-container elementor-column-gap-default\">\n\t\t\t\t\t<div class=\"elementor-column elementor-col-100 elementor-inner-column elementor-element elementor-element-7e64e5e\" data-id=\"7e64e5e\" data-element_type=\"column\" data-settings=\"{&quot;background_background&quot;:&quot;classic&quot;}\">\n\t\t\t<div class=\"elementor-widget-wrap elementor-element-populated\">\n\t\t\t\t\t\t<div class=\"elementor-element elementor-element-67f768e elementor-widget elementor-widget-heading\" data-id=\"67f768e\" data-element_type=\"widget\" data-widget_type=\"heading.default\">\n\t\t\t\t<div class=\"elementor-widget-container\">\n\t\t\t\t\t<h1 class=\"elementor-heading-title elementor-size-default\">Blog<\/h1>\t\t\t\t<\/div>\n\t\t\t\t<\/div>\n\t\t\t\t<div class=\"elementor-element elementor-element-25696ea elementor-widget elementor-widget-heading\" data-id=\"25696ea\" data-element_type=\"widget\" data-widget_type=\"heading.default\">\n\t\t\t\t<div class=\"elementor-widget-container\">\n\t\t\t\t\t<h2 class=\"elementor-heading-title elementor-size-default\">Il nostro blog\n<\/h2>\t\t\t\t<\/div>\n\t\t\t\t<\/div>\n\t\t\t\t\t<\/div>\n\t\t<\/div>\n\t\t\t\t\t<\/div>\n\t\t<\/section>\n\t\t\t\t\t<\/div>\n\t\t<\/div>\n\t\t\t\t\t<\/div>\n\t\t<\/section>\n\t\t\t\t<section class=\"elementor-section elementor-top-section elementor-element elementor-element-e77c0b7 elementor-section-boxed elementor-section-height-default elementor-section-height-default\" data-id=\"e77c0b7\" data-element_type=\"section\">\n\t\t\t\t\t\t<div class=\"elementor-container elementor-column-gap-default\">\n\t\t\t\t\t<div class=\"elementor-column elementor-col-100 elementor-top-column elementor-element elementor-element-3dd8c6c\" data-id=\"3dd8c6c\" data-element_type=\"column\">\n\t\t\t<div class=\"elementor-widget-wrap elementor-element-populated\">\n\t\t\t\t\t\t<div class=\"elementor-element elementor-element-38ac48c elementor-grid-2 elementor-grid-tablet-2 elementor-grid-mobile-1 elementor-widget elementor-widget-loop-grid\" data-id=\"38ac48c\" data-element_type=\"widget\" data-settings=\"{&quot;template_id&quot;:5897,&quot;columns&quot;:2,&quot;pagination_type&quot;:&quot;numbers_and_prev_next&quot;,&quot;_skin&quot;:&quot;post&quot;,&quot;columns_tablet&quot;:&quot;2&quot;,&quot;columns_mobile&quot;:&quot;1&quot;,&quot;edit_handle_selector&quot;:&quot;[data-elementor-type=\\&quot;loop-item\\&quot;]&quot;,&quot;pagination_load_type&quot;:&quot;page_reload&quot;,&quot;row_gap&quot;:{&quot;unit&quot;:&quot;px&quot;,&quot;size&quot;:&quot;&quot;,&quot;sizes&quot;:[]},&quot;row_gap_tablet&quot;:{&quot;unit&quot;:&quot;px&quot;,&quot;size&quot;:&quot;&quot;,&quot;sizes&quot;:[]},&quot;row_gap_mobile&quot;:{&quot;unit&quot;:&quot;px&quot;,&quot;size&quot;:&quot;&quot;,&quot;sizes&quot;:[]}}\" data-widget_type=\"loop-grid.post\">\n\t\t\t\t<div class=\"elementor-widget-container\">\n\t\t\t\t\t\t\t<div class=\"elementor-loop-container elementor-grid\" role=\"list\">\n\t\t<style id=\"loop-dynamic-5897\">.e-loop-item-6333 .elementor-element.elementor-element-43d6b7a:not(.elementor-motion-effects-element-type-background), .e-loop-item-6333 .elementor-element.elementor-element-43d6b7a > .elementor-motion-effects-container > .elementor-motion-effects-layer{background-image:url(\"https:\/\/www.tm-branding.it\/wp-content\/uploads\/2022\/02\/sarath-p-raj-p8GmCEgSmmo-unsplash-scaled.jpg\");}<\/style><style id=\"loop-5897\">.elementor-5897 .elementor-element.elementor-element-43d6b7a > .elementor-background-overlay{background-color:var( --e-global-color-primary );opacity:0.5;transition:background 0.3s, border-radius 0.3s, opacity 0.3s;}.elementor-5897 .elementor-element.elementor-element-43d6b7a:hover > .elementor-background-overlay{background-color:var( --e-global-color-primary );opacity:0.72;}.elementor-5897 .elementor-element.elementor-element-43d6b7a > .elementor-container{min-height:50vh;}.elementor-5897 .elementor-element.elementor-element-43d6b7a:not(.elementor-motion-effects-element-type-background), .elementor-5897 .elementor-element.elementor-element-43d6b7a > .elementor-motion-effects-container > .elementor-motion-effects-layer{background-position:center center;background-repeat:no-repeat;background-size:cover;}.elementor-5897 .elementor-element.elementor-element-43d6b7a{transition:background 0.3s, border 0.3s, border-radius 0.3s, box-shadow 0.3s;}.elementor-5897 .elementor-element.elementor-element-0f7eaa3 > .elementor-element-populated{padding:25px 25px 25px 25px;}.elementor-widget-theme-post-title .elementor-heading-title{font-family:var( --e-global-typography-primary-font-family ), Sans-serif;font-weight:var( --e-global-typography-primary-font-weight );color:var( --e-global-color-primary );}.elementor-5897 .elementor-element.elementor-element-bc77811 .elementor-heading-title{font-family:\"Jost LC\", Sans-serif;font-size:25px;font-weight:500;line-height:30px;letter-spacing:0.7px;color:var( --e-global-color-893889d );}.elementor-widget-theme-post-excerpt .elementor-widget-container{font-family:var( --e-global-typography-text-font-family ), Sans-serif;font-weight:var( --e-global-typography-text-font-weight );color:var( --e-global-color-text );}.elementor-5897 .elementor-element.elementor-element-5f12819 .elementor-widget-container{color:var( --e-global-color-893889d );}.elementor-widget-button .elementor-button{background-color:var( --e-global-color-accent );font-family:var( --e-global-typography-accent-font-family ), Sans-serif;font-size:var( --e-global-typography-accent-font-size );font-weight:var( --e-global-typography-accent-font-weight );}.elementor-5897 .elementor-element.elementor-element-5a362bc .elementor-button{background-color:var( --e-global-color-secondary );font-family:\"Jost LC\", Sans-serif;font-weight:700;text-decoration:none;text-shadow:0px 0px 0px rgba(0, 0, 0, 0);fill:var( --e-global-color-893889d );color:var( --e-global-color-893889d );border-style:solid;border-width:2px 2px 2px 2px;border-color:var( --e-global-color-secondary );}.elementor-5897 .elementor-element.elementor-element-5a362bc .elementor-button:hover, .elementor-5897 .elementor-element.elementor-element-5a362bc .elementor-button:focus{background-color:#23374600;color:var( --e-global-color-secondary );}.elementor-5897 .elementor-element.elementor-element-5a362bc .elementor-button:hover svg, .elementor-5897 .elementor-element.elementor-element-5a362bc .elementor-button:focus svg{fill:var( --e-global-color-secondary );}@media(max-width:1024px){.elementor-widget-button .elementor-button{font-size:var( --e-global-typography-accent-font-size );}}@media(max-width:767px){.elementor-5897 .elementor-element.elementor-element-bc77811 .elementor-heading-title{font-size:20px;}.elementor-widget-button .elementor-button{font-size:var( --e-global-typography-accent-font-size );}}<\/style>\t\t<div data-elementor-type=\"loop-item\" data-elementor-id=\"5897\" class=\"elementor elementor-5897 e-loop-item e-loop-item-6333 post-6333 post type-post status-publish format-standard has-post-thumbnail hentry category-animation-de category-animation category-projekte-de category-senza-categoria tag-blog\" data-elementor-post-type=\"elementor_library\" data-custom-edit-handle=\"1\">\n\t\t\t\t\t<section class=\"elementor-section elementor-top-section elementor-element elementor-element-43d6b7a elementor-section-height-min-height elementor-section-boxed elementor-section-height-default elementor-section-items-middle\" data-id=\"43d6b7a\" data-element_type=\"section\" data-settings=\"{&quot;background_background&quot;:&quot;classic&quot;}\">\n\t\t\t\t\t\t\t<div class=\"elementor-background-overlay\"><\/div>\n\t\t\t\t\t\t\t<div class=\"elementor-container elementor-column-gap-default\">\n\t\t\t\t\t<div class=\"elementor-column elementor-col-100 elementor-top-column elementor-element elementor-element-0f7eaa3\" data-id=\"0f7eaa3\" data-element_type=\"column\">\n\t\t\t<div class=\"elementor-widget-wrap elementor-element-populated\">\n\t\t\t\t\t\t<div class=\"elementor-element elementor-element-bc77811 elementor-widget elementor-widget-theme-post-title elementor-page-title elementor-widget-heading\" data-id=\"bc77811\" data-element_type=\"widget\" data-widget_type=\"theme-post-title.default\">\n\t\t\t\t<div class=\"elementor-widget-container\">\n\t\t\t\t\t<h1 class=\"elementor-heading-title elementor-size-default\">Personalsuche mit animierten Jobvideos<\/h1>\t\t\t\t<\/div>\n\t\t\t\t<\/div>\n\t\t\t\t<div class=\"elementor-element elementor-element-5f12819 elementor-widget elementor-widget-theme-post-excerpt\" data-id=\"5f12819\" data-element_type=\"widget\" data-widget_type=\"theme-post-excerpt.default\">\n\t\t\t\t<div class=\"elementor-widget-container\">\n\t\t\t\t\tWer will schon wie in vergangenen Zeiten in einer Tageszeitung oder Wochenzeitung bl\u00e4ttern um einen ...\t\t\t\t<\/div>\n\t\t\t\t<\/div>\n\t\t\t\t<div class=\"elementor-element elementor-element-5a362bc elementor-mobile-align-justify elementor-widget elementor-widget-button\" data-id=\"5a362bc\" data-element_type=\"widget\" data-widget_type=\"button.default\">\n\t\t\t\t<div class=\"elementor-widget-container\">\n\t\t\t\t\t\t\t\t\t<div class=\"elementor-button-wrapper\">\n\t\t\t\t\t<a class=\"elementor-button elementor-button-link elementor-size-sm\" href=\"https:\/\/www.tm-branding.it\/it\/personalsuche-mit-animierten-jobvideos\/\">\n\t\t\t\t\t\t<span class=\"elementor-button-content-wrapper\">\n\t\t\t\t\t\t\t\t\t<span class=\"elementor-button-text\">Zum Beitrag<\/span>\n\t\t\t\t\t<\/span>\n\t\t\t\t\t<\/a>\n\t\t\t\t<\/div>\n\t\t\t\t\t\t\t\t<\/div>\n\t\t\t\t<\/div>\n\t\t\t\t\t<\/div>\n\t\t<\/div>\n\t\t\t\t\t<\/div>\n\t\t<\/section>\n\t\t\t\t<\/div>\n\t\t\t\t<\/div>\n\t\t\n\t\t\t\t\t\t<\/div>\n\t\t\t\t<\/div>\n\t\t\t\t\t<\/div>\n\t\t<\/div>\n\t\t\t\t\t<\/div>\n\t\t<\/section>\n\t\t\t\t<\/div>\n\t\t","protected":false},"excerpt":{"rendered":"<p>Blog Il nostro blog<\/p>\n","protected":false},"author":2,"featured_media":0,"parent":0,"menu_order":0,"comment_status":"closed","ping_status":"closed","template":"elementor_header_footer","meta":{"_acf_changed":false,"footnotes":""},"class_list":["post-6392","page","type-page","status-publish","hentry"],"acf":[],"yoast_head":"<!-- This site is optimized with the Yoast SEO plugin v27.0 - https:\/\/yoast.com\/product\/yoast-seo-wordpress\/ -->\n<title>Webdesign S\u00fcdtirol Blog - TM BRANDING<\/title>\n<meta name=\"description\" content=\"Webdesign S\u00fcdtirol Blog, Tipps, Wissenswertes und Einblicke in unseren kreativen Arbeitsalltag. Erfahren Sie mehr \u00fcber Webpages, Fotos und Filme\" \/>\n<meta name=\"robots\" content=\"index, follow, max-snippet:-1, max-image-preview:large, max-video-preview:-1\" \/>\n<link rel=\"canonical\" href=\"https:\/\/www.tm-branding.it\/it\/blog\/\" \/>\n<meta property=\"og:locale\" content=\"it_IT\" \/>\n<meta property=\"og:type\" content=\"article\" \/>\n<meta property=\"og:title\" content=\"Webdesign S\u00fcdtirol Blog - TM BRANDING\" \/>\n<meta property=\"og:description\" content=\"Webdesign S\u00fcdtirol Blog, Tipps, Wissenswertes und Einblicke in unseren kreativen Arbeitsalltag. Erfahren Sie mehr \u00fcber Webpages, Fotos und Filme\" \/>\n<meta property=\"og:url\" content=\"https:\/\/www.tm-branding.it\/it\/blog\/\" \/>\n<meta property=\"og:site_name\" content=\"TM BRANDING\" \/>\n<meta property=\"article:modified_time\" content=\"2026-02-23T15:51:39+00:00\" \/>\n<meta name=\"twitter:card\" content=\"summary_large_image\" \/>\n<meta name=\"twitter:label1\" content=\"Tempo di lettura stimato\" \/>\n\t<meta name=\"twitter:data1\" content=\"2 minuti\" \/>\n<script type=\"application\/ld+json\" class=\"yoast-schema-graph\">{\"@context\":\"https:\/\/schema.org\",\"@graph\":[{\"@type\":\"WebPage\",\"@id\":\"https:\/\/www.tm-branding.it\/it\/blog\/\",\"url\":\"https:\/\/www.tm-branding.it\/it\/blog\/\",\"name\":\"Webdesign S\u00fcdtirol Blog - TM BRANDING\",\"isPartOf\":{\"@id\":\"https:\/\/www.tm-branding.it\/it\/#website\"},\"datePublished\":\"2024-05-15T09:06:01+00:00\",\"dateModified\":\"2026-02-23T15:51:39+00:00\",\"description\":\"Webdesign S\u00fcdtirol Blog, Tipps, Wissenswertes und Einblicke in unseren kreativen Arbeitsalltag. Erfahren Sie mehr \u00fcber Webpages, Fotos und Filme\",\"breadcrumb\":{\"@id\":\"https:\/\/www.tm-branding.it\/it\/blog\/#breadcrumb\"},\"inLanguage\":\"it-IT\",\"potentialAction\":[{\"@type\":\"ReadAction\",\"target\":[\"https:\/\/www.tm-branding.it\/it\/blog\/\"]}]},{\"@type\":\"BreadcrumbList\",\"@id\":\"https:\/\/www.tm-branding.it\/it\/blog\/#breadcrumb\",\"itemListElement\":[{\"@type\":\"ListItem\",\"position\":1,\"name\":\"Startseite\",\"item\":\"https:\/\/www.tm-branding.it\/it\/\"},{\"@type\":\"ListItem\",\"position\":2,\"name\":\"Blog\"}]},{\"@type\":\"WebSite\",\"@id\":\"https:\/\/www.tm-branding.it\/it\/#website\",\"url\":\"https:\/\/www.tm-branding.it\/it\/\",\"name\":\"TM BRANDING\",\"description\":\"TM BRANDING\",\"publisher\":{\"@id\":\"https:\/\/www.tm-branding.it\/it\/#organization\"},\"potentialAction\":[{\"@type\":\"SearchAction\",\"target\":{\"@type\":\"EntryPoint\",\"urlTemplate\":\"https:\/\/www.tm-branding.it\/it\/?s={search_term_string}\"},\"query-input\":{\"@type\":\"PropertyValueSpecification\",\"valueRequired\":true,\"valueName\":\"search_term_string\"}}],\"inLanguage\":\"it-IT\"},{\"@type\":\"Organization\",\"@id\":\"https:\/\/www.tm-branding.it\/it\/#organization\",\"name\":\"TM BRANDING\",\"url\":\"https:\/\/www.tm-branding.it\/it\/\",\"logo\":{\"@type\":\"ImageObject\",\"inLanguage\":\"it-IT\",\"@id\":\"https:\/\/www.tm-branding.it\/it\/#\/schema\/logo\/image\/\",\"url\":\"https:\/\/www.tm-branding.it\/wp-content\/uploads\/2023\/05\/tmbranding-logo.png\",\"contentUrl\":\"https:\/\/www.tm-branding.it\/wp-content\/uploads\/2023\/05\/tmbranding-logo.png\",\"width\":2001,\"height\":230,\"caption\":\"TM BRANDING\"},\"image\":{\"@id\":\"https:\/\/www.tm-branding.it\/it\/#\/schema\/logo\/image\/\"}}]}<\/script>\n<!-- \/ Yoast SEO plugin. -->","yoast_head_json":{"title":"Webdesign S\u00fcdtirol Blog - TM BRANDING","description":"Webdesign S\u00fcdtirol Blog, Tipps, Wissenswertes und Einblicke in unseren kreativen Arbeitsalltag. Erfahren Sie mehr \u00fcber Webpages, Fotos und Filme","robots":{"index":"index","follow":"follow","max-snippet":"max-snippet:-1","max-image-preview":"max-image-preview:large","max-video-preview":"max-video-preview:-1"},"canonical":"https:\/\/www.tm-branding.it\/it\/blog\/","og_locale":"it_IT","og_type":"article","og_title":"Webdesign S\u00fcdtirol Blog - TM BRANDING","og_description":"Webdesign S\u00fcdtirol Blog, Tipps, Wissenswertes und Einblicke in unseren kreativen Arbeitsalltag. Erfahren Sie mehr \u00fcber Webpages, Fotos und Filme","og_url":"https:\/\/www.tm-branding.it\/it\/blog\/","og_site_name":"TM BRANDING","article_modified_time":"2026-02-23T15:51:39+00:00","twitter_card":"summary_large_image","twitter_misc":{"Tempo di lettura stimato":"2 minuti"},"schema":{"@context":"https:\/\/schema.org","@graph":[{"@type":"WebPage","@id":"https:\/\/www.tm-branding.it\/it\/blog\/","url":"https:\/\/www.tm-branding.it\/it\/blog\/","name":"Webdesign S\u00fcdtirol Blog - TM BRANDING","isPartOf":{"@id":"https:\/\/www.tm-branding.it\/it\/#website"},"datePublished":"2024-05-15T09:06:01+00:00","dateModified":"2026-02-23T15:51:39+00:00","description":"Webdesign S\u00fcdtirol Blog, Tipps, Wissenswertes und Einblicke in unseren kreativen Arbeitsalltag. Erfahren Sie mehr \u00fcber Webpages, Fotos und Filme","breadcrumb":{"@id":"https:\/\/www.tm-branding.it\/it\/blog\/#breadcrumb"},"inLanguage":"it-IT","potentialAction":[{"@type":"ReadAction","target":["https:\/\/www.tm-branding.it\/it\/blog\/"]}]},{"@type":"BreadcrumbList","@id":"https:\/\/www.tm-branding.it\/it\/blog\/#breadcrumb","itemListElement":[{"@type":"ListItem","position":1,"name":"Startseite","item":"https:\/\/www.tm-branding.it\/it\/"},{"@type":"ListItem","position":2,"name":"Blog"}]},{"@type":"WebSite","@id":"https:\/\/www.tm-branding.it\/it\/#website","url":"https:\/\/www.tm-branding.it\/it\/","name":"TM BRANDING","description":"TM BRANDING","publisher":{"@id":"https:\/\/www.tm-branding.it\/it\/#organization"},"potentialAction":[{"@type":"SearchAction","target":{"@type":"EntryPoint","urlTemplate":"https:\/\/www.tm-branding.it\/it\/?s={search_term_string}"},"query-input":{"@type":"PropertyValueSpecification","valueRequired":true,"valueName":"search_term_string"}}],"inLanguage":"it-IT"},{"@type":"Organization","@id":"https:\/\/www.tm-branding.it\/it\/#organization","name":"TM BRANDING","url":"https:\/\/www.tm-branding.it\/it\/","logo":{"@type":"ImageObject","inLanguage":"it-IT","@id":"https:\/\/www.tm-branding.it\/it\/#\/schema\/logo\/image\/","url":"https:\/\/www.tm-branding.it\/wp-content\/uploads\/2023\/05\/tmbranding-logo.png","contentUrl":"https:\/\/www.tm-branding.it\/wp-content\/uploads\/2023\/05\/tmbranding-logo.png","width":2001,"height":230,"caption":"TM BRANDING"},"image":{"@id":"https:\/\/www.tm-branding.it\/it\/#\/schema\/logo\/image\/"}}]}},"_links":{"self":[{"href":"https:\/\/www.tm-branding.it\/it\/wp-json\/wp\/v2\/pages\/6392","targetHints":{"allow":["GET"]}}],"collection":[{"href":"https:\/\/www.tm-branding.it\/it\/wp-json\/wp\/v2\/pages"}],"about":[{"href":"https:\/\/www.tm-branding.it\/it\/wp-json\/wp\/v2\/types\/page"}],"author":[{"embeddable":true,"href":"https:\/\/www.tm-branding.it\/it\/wp-json\/wp\/v2\/users\/2"}],"replies":[{"embeddable":true,"href":"https:\/\/www.tm-branding.it\/it\/wp-json\/wp\/v2\/comments?post=6392"}],"version-history":[{"count":3,"href":"https:\/\/www.tm-branding.it\/it\/wp-json\/wp\/v2\/pages\/6392\/revisions"}],"predecessor-version":[{"id":6950,"href":"https:\/\/www.tm-branding.it\/it\/wp-json\/wp\/v2\/pages\/6392\/revisions\/6950"}],"wp:attachment":[{"href":"https:\/\/www.tm-branding.it\/it\/wp-json\/wp\/v2\/media?parent=6392"}],"curies":[{"name":"wp","href":"https:\/\/api.w.org\/{rel}","templated":true}]}}